{"id":2664,"date":"2025-12-25T08:53:29","date_gmt":"2025-12-25T08:53:29","guid":{"rendered":"https:\/\/theann.com.vn\/?post_type=product&#038;p=2664"},"modified":"2026-01-24T08:30:27","modified_gmt":"2026-01-24T08:30:27","slug":"xuan-hoa","status":"publish","type":"product","link":"https:\/\/theann.com.vn\/vi\/product\/xuan-hoa\/","title":{"rendered":"XU\u00c2N H\u00d2A"},"content":{"rendered":"<p>1\/ B\u00e1nh H\u1ea1nh Nh\u00e2n Ng\u00f3i (120gr)<br \/>\n2\/ \u00d4 Mai M\u01a1 G\u1eebng (100gr)<br \/>\n3\/ M\u1ee9t Qu\u1ea5t H\u1ed3ng B\u00ec (120gr)<br \/>\n4\/ V\u1ecf B\u01b0\u1edfi S\u1ea5y D\u1ebbo (80gr)<br \/>\n5\/ Chu\u1ed1i S\u1ea5y D\u1ebbo An Giang (120gr)<br \/>\n6\/ H\u1ea1t \u0110i\u1ec1u B\u00ecnh Ph\u01b0\u1edbc (80gr)<br \/>\n7\/ Long Nh\u00e3n H\u01b0ng Y\u00ean (80gr)<br \/>\n8\/ Tr\u00e0 Hoa C\u00fac \u0110\u01b0\u1eddng Ph\u00e8n (5 vi\u00ean)<br \/>\n9\/ H\u1ed9p qu\u00e0 gi\u1ecf m\u00e2y ,v\u1ea3i &amp; ph\u1ee5 ki\u1ec7n (D24xC10cm)<br \/>\n10\/ T\u00fai V\u1ea3i ho\u1eb7c T\u00fai Gi\u1ea5y<\/p>\n","protected":false},"excerpt":{"rendered":"<p>1\/ B\u00e1nh H\u1ea1nh Nh\u00e2n Ng\u00f3i (120gr)<br \/>\n2\/ \u00d4 Mai M\u01a1 G\u1eebng (100gr)<br \/>\n3\/ M\u1ee9t Qu\u1ea5t H\u1ed3ng B\u00ec (120gr)<br \/>\n4\/ V\u1ecf B\u01b0\u1edfi S\u1ea5y D\u1ebbo (80gr)<br \/>\n5\/ Chu\u1ed1i S\u1ea5y D\u1ebbo An Giang (120gr)<br \/>\n6\/ H\u1ea1t \u0110i\u1ec1u B\u00ecnh Ph\u01b0\u1edbc (80gr)<br \/>\n7\/ Long Nh\u00e3n H\u01b0ng Y\u00ean (80gr)<br \/>\n8\/ Tr\u00e0 Hoa C\u00fac \u0110\u01b0\u1eddng Ph\u00e8n (5 vi\u00ean)<br \/>\n9\/ H\u1ed9p qu\u00e0 gi\u1ecf m\u00e2y ,v\u1ea3i &amp; ph\u1ee5 ki\u1ec7n (D24xC10cm)<br \/>\n10\/ T\u00fai V\u1ea3i ho\u1eb7c T\u00fai Gi\u1ea5y<\/p>\n","protected":false},"featured_media":2673,"comment_status":"open","ping_status":"closed","template":"","meta":{"_acf_changed":false,"inline_featured_image":false},"product_brand":[],"product_cat":[237],"product_tag":[],"class_list":{"0":"post-2664","1":"product","2":"type-product","3":"status-publish","4":"has-post-thumbnail","6":"product_cat-qua-tang-tet-2026","8":"first","9":"instock","10":"taxable","11":"shipping-taxable","12":"purchasable","13":"product-type-variable","14":"has-default-attributes"},"acf":[],"_links":{"self":[{"href":"https:\/\/theann.com.vn\/vi\/wp-json\/wp\/v2\/product\/2664","targetHints":{"allow":["GET"]}}],"collection":[{"href":"https:\/\/theann.com.vn\/vi\/wp-json\/wp\/v2\/product"}],"about":[{"href":"https:\/\/theann.com.vn\/vi\/wp-json\/wp\/v2\/types\/product"}],"replies":[{"embeddable":true,"href":"https:\/\/theann.com.vn\/vi\/wp-json\/wp\/v2\/comments?post=2664"}],"wp:featuredmedia":[{"embeddable":true,"href":"https:\/\/theann.com.vn\/vi\/wp-json\/wp\/v2\/media\/2673"}],"wp:attachment":[{"href":"https:\/\/theann.com.vn\/vi\/wp-json\/wp\/v2\/media?parent=2664"}],"wp:term":[{"taxonomy":"product_brand","embeddable":true,"href":"https:\/\/theann.com.vn\/vi\/wp-json\/wp\/v2\/product_brand?post=2664"},{"taxonomy":"product_cat","embeddable":true,"href":"https:\/\/theann.com.vn\/vi\/wp-json\/wp\/v2\/product_cat?post=2664"},{"taxonomy":"product_tag","embeddable":true,"href":"https:\/\/theann.com.vn\/vi\/wp-json\/wp\/v2\/product_tag?post=2664"}],"curies":[{"name":"wp","href":"https:\/\/api.w.org\/{rel}","templated":true}]}}