{"id":2709,"date":"2025-12-30T07:02:19","date_gmt":"2025-12-30T07:02:19","guid":{"rendered":"https:\/\/theann.com.vn\/?post_type=product&#038;p=2709"},"modified":"2026-02-02T07:08:46","modified_gmt":"2026-02-02T07:08:46","slug":"ma-dao","status":"publish","type":"product","link":"https:\/\/theann.com.vn\/vi\/product\/ma-dao\/","title":{"rendered":"M\u00c3 \u0110\u00c1O"},"content":{"rendered":"<p>1\/ B\u00e1nh L\u01b0\u1ee1i M\u00e8o (200gr)<br \/>\n2\/ M\u1ee9t Qu\u1ea5t H\u1ed3ng B\u00ec (200gr)<br \/>\n3\/ Xo\u00e0i S\u1ea5y D\u1ebbo (180gr)<br \/>\n4\/ \u0110\u1eadu Ph\u1ed9ng T\u1ecfi \u1edat (300gr)<br \/>\n5\/ Tr\u00e0 M\u00e3ng C\u1ea7u Xi\u00eam (10gr)<br \/>\n6\/ H\u1ed9p Qu\u00e0 Gi\u1ecf M\u00e2y, Thi\u1ec7p &amp; L\u00ec X\u00ec (D27xR14xC19cm)<br \/>\n7\/ T\u00fai Gi\u1ea5y<\/p>\n","protected":false},"excerpt":{"rendered":"<p>1\/ B\u00e1nh L\u01b0\u1ee1i M\u00e8o (200gr)<br \/>\n2\/ M\u1ee9t Qu\u1ea5t H\u1ed3ng B\u00ec (200gr)<br \/>\n3\/ Xo\u00e0i S\u1ea5y D\u1ebbo (180gr)<br \/>\n4\/ \u0110\u1eadu Ph\u1ed9ng T\u1ecfi \u1edat (300gr)<br \/>\n5\/ Tr\u00e0 M\u00e3ng C\u1ea7u Xi\u00eam (10gr)<br \/>\n6\/ H\u1ed9p Qu\u00e0 Gi\u1ecf M\u00e2y, Thi\u1ec7p &amp; L\u00ec X\u00ec (D27xR14xC19cm)<br \/>\n7\/ T\u00fai Gi\u1ea5y<\/p>\n","protected":false},"featured_media":2710,"comment_status":"open","ping_status":"closed","template":"","meta":{"_acf_changed":false,"inline_featured_image":false},"product_brand":[],"product_cat":[237],"product_tag":[],"class_list":{"0":"post-2709","1":"product","2":"type-product","3":"status-publish","4":"has-post-thumbnail","6":"product_cat-qua-tang-tet-2026","8":"first","9":"outofstock","10":"taxable","11":"shipping-taxable","12":"purchasable","13":"product-type-simple"},"acf":[],"_links":{"self":[{"href":"https:\/\/theann.com.vn\/vi\/wp-json\/wp\/v2\/product\/2709","targetHints":{"allow":["GET"]}}],"collection":[{"href":"https:\/\/theann.com.vn\/vi\/wp-json\/wp\/v2\/product"}],"about":[{"href":"https:\/\/theann.com.vn\/vi\/wp-json\/wp\/v2\/types\/product"}],"replies":[{"embeddable":true,"href":"https:\/\/theann.com.vn\/vi\/wp-json\/wp\/v2\/comments?post=2709"}],"wp:featuredmedia":[{"embeddable":true,"href":"https:\/\/theann.com.vn\/vi\/wp-json\/wp\/v2\/media\/2710"}],"wp:attachment":[{"href":"https:\/\/theann.com.vn\/vi\/wp-json\/wp\/v2\/media?parent=2709"}],"wp:term":[{"taxonomy":"product_brand","embeddable":true,"href":"https:\/\/theann.com.vn\/vi\/wp-json\/wp\/v2\/product_brand?post=2709"},{"taxonomy":"product_cat","embeddable":true,"href":"https:\/\/theann.com.vn\/vi\/wp-json\/wp\/v2\/product_cat?post=2709"},{"taxonomy":"product_tag","embeddable":true,"href":"https:\/\/theann.com.vn\/vi\/wp-json\/wp\/v2\/product_tag?post=2709"}],"curies":[{"name":"wp","href":"https:\/\/api.w.org\/{rel}","templated":true}]}}