{"id":2716,"date":"2025-12-30T07:07:17","date_gmt":"2025-12-30T07:07:17","guid":{"rendered":"https:\/\/theann.com.vn\/?post_type=product&#038;p=2716"},"modified":"2026-01-28T04:55:05","modified_gmt":"2026-01-28T04:55:05","slug":"hy-tin","status":"publish","type":"product","link":"https:\/\/theann.com.vn\/vi\/product\/hy-tin\/","title":{"rendered":"H\u1ef6 T\u00cdN"},"content":{"rendered":"<p>1\/H\u1ea1t \u0110i\u1ec1u B\u00ecnh Ph\u01b0\u1edbc (100gr)<br \/>\n2\/ M\u1ee9t Qu\u1ea5t (130gr)<br \/>\n3\/ V\u1ecf B\u01b0\u1edfi S\u1ea5y D\u1ebbo (100gr)<br \/>\n4\/ B\u00e1nh L\u01b0\u1ee1i M\u00e8o (130gr)<br \/>\n5\/ B\u00e1nh Quy S\u00f4 C\u00f4 La H\u1ea1t Th\u00f4ng (100gr)<br \/>\n6\/ Xo\u00e0i S\u1ea5y D\u1ebbo (100gr)<br \/>\n7\/ Tr\u00e0 M\u00e3ng C\u1ea7u Xi\u00eam (80gr)<br \/>\n8\/ Tr\u00e0 Hoa C\u00fac \u0110\u01b0\u1eddng Ph\u00e8n (8 vi\u00ean)<br \/>\n9\/ H\u1ed9p Tre hai t\u1ea7ng, V\u1ea3i G\u1ea5m (R21cmxD21cmxC18cm)<br \/>\n10\/ B\u1ed9 H\u0169 M\u1ee9t Thi\u1ebfc cao c\u1ea5p (8 h\u1ed9p)<br \/>\n11\/ T\u00fai V\u1ea3i<\/p>\n","protected":false},"excerpt":{"rendered":"<p>1\/H\u1ea1t \u0110i\u1ec1u B\u00ecnh Ph\u01b0\u1edbc (100gr)<br \/>\n2\/ M\u1ee9t Qu\u1ea5t (130gr)<br \/>\n3\/ V\u1ecf B\u01b0\u1edfi S\u1ea5y D\u1ebbo (100gr)<br \/>\n4\/ B\u00e1nh L\u01b0\u1ee1i M\u00e8o (130gr)<br \/>\n5\/ B\u00e1nh Quy S\u00f4 C\u00f4 La H\u1ea1t Th\u00f4ng (100gr)<br \/>\n6\/ Xo\u00e0i S\u1ea5y D\u1ebbo (100gr)<br \/>\n7\/ Tr\u00e0 M\u00e3ng C\u1ea7u Xi\u00eam (80gr)<br \/>\n8\/ Tr\u00e0 Hoa C\u00fac \u0110\u01b0\u1eddng Ph\u00e8n (8 vi\u00ean)<br \/>\n9\/ H\u1ed9p Tre hai t\u1ea7ng, V\u1ea3i G\u1ea5m (R21cmxD21cmxC18cm)<br \/>\n10\/ B\u1ed9 H\u0169 M\u1ee9t Thi\u1ebfc cao c\u1ea5p (8 h\u1ed9p)<br \/>\n11\/ T\u00fai V\u1ea3i<\/p>\n","protected":false},"featured_media":2728,"comment_status":"open","ping_status":"closed","template":"","meta":{"_acf_changed":false,"inline_featured_image":false},"product_brand":[],"product_cat":[237],"product_tag":[],"class_list":{"0":"post-2716","1":"product","2":"type-product","3":"status-publish","4":"has-post-thumbnail","6":"product_cat-qua-tang-tet-2026","8":"first","9":"outofstock","10":"taxable","11":"shipping-taxable","12":"purchasable","13":"product-type-variable","14":"has-default-attributes"},"acf":[],"_links":{"self":[{"href":"https:\/\/theann.com.vn\/vi\/wp-json\/wp\/v2\/product\/2716","targetHints":{"allow":["GET"]}}],"collection":[{"href":"https:\/\/theann.com.vn\/vi\/wp-json\/wp\/v2\/product"}],"about":[{"href":"https:\/\/theann.com.vn\/vi\/wp-json\/wp\/v2\/types\/product"}],"replies":[{"embeddable":true,"href":"https:\/\/theann.com.vn\/vi\/wp-json\/wp\/v2\/comments?post=2716"}],"wp:featuredmedia":[{"embeddable":true,"href":"https:\/\/theann.com.vn\/vi\/wp-json\/wp\/v2\/media\/2728"}],"wp:attachment":[{"href":"https:\/\/theann.com.vn\/vi\/wp-json\/wp\/v2\/media?parent=2716"}],"wp:term":[{"taxonomy":"product_brand","embeddable":true,"href":"https:\/\/theann.com.vn\/vi\/wp-json\/wp\/v2\/product_brand?post=2716"},{"taxonomy":"product_cat","embeddable":true,"href":"https:\/\/theann.com.vn\/vi\/wp-json\/wp\/v2\/product_cat?post=2716"},{"taxonomy":"product_tag","embeddable":true,"href":"https:\/\/theann.com.vn\/vi\/wp-json\/wp\/v2\/product_tag?post=2716"}],"curies":[{"name":"wp","href":"https:\/\/api.w.org\/{rel}","templated":true}]}}