{"id":2746,"date":"2025-12-30T07:13:55","date_gmt":"2025-12-30T07:13:55","guid":{"rendered":"https:\/\/theann.com.vn\/?post_type=product&#038;p=2746"},"modified":"2026-01-25T13:19:55","modified_gmt":"2026-01-25T13:19:55","slug":"nien-hoa","status":"publish","type":"product","link":"https:\/\/theann.com.vn\/vi\/product\/nien-hoa\/","title":{"rendered":"NI\u00caN HOA"},"content":{"rendered":"<p>1\/ M\u1ee9t D\u1eeba (150gr)<br \/>\n2\/ Tr\u00e0 M\u00e3ng C\u1ea7u Xi\u00eam (10gr)<br \/>\n3\/ Tr\u00e0 Hoa \u0110\u1eadu Bi\u1ebfc (10gr)<br \/>\n4\/ B\u00e1nh Quy S\u00f4 C\u00f4 La H\u1ea1t Macca (100gr)<br \/>\n5\/ \u00d4 Mai S\u1ea5u (130gr)<br \/>\n\u03096\/ \u00d4 Mai M\u01a1 g\u1eebng (100gr)<br \/>\n7\/ B\u00e1nh H\u1ea1nh Nh\u00e2n Ng\u00f3i (100gr)<br \/>\n8\/ B\u1ed9 H\u0169 M\u1ee9t Thi\u1ebfc cao c\u1ea5p<br \/>\n9\/ Gi\u1ecf Da (R21xD21xC17)<br \/>\n10\/ T\u00fai V\u1ea3i<\/p>\n","protected":false},"excerpt":{"rendered":"<p>1\/ M\u1ee9t D\u1eeba (150gr)<br \/>\n2\/ Tr\u00e0 M\u00e3ng C\u1ea7u Xi\u00eam (10gr)<br \/>\n3\/ Tr\u00e0 Hoa \u0110\u1eadu Bi\u1ebfc (10gr)<br \/>\n4\/ B\u00e1nh Quy S\u00f4 C\u00f4 La H\u1ea1t Macca (100gr)<br \/>\n5\/ \u00d4 Mai S\u1ea5u (130gr)<br \/>\n\u03096\/ \u00d4 Mai M\u01a1 g\u1eebng (100gr)<br \/>\n7\/ B\u00e1nh H\u1ea1nh Nh\u00e2n Ng\u00f3i (100gr)<br \/>\n8\/ B\u1ed9 H\u0169 M\u1ee9t Thi\u1ebfc cao c\u1ea5p<br \/>\n9\/ Gi\u1ecf Da (R21xD21xC17)<br \/>\n10\/ T\u00fai V\u1ea3i<\/p>\n","protected":false},"featured_media":2747,"comment_status":"open","ping_status":"closed","template":"","meta":{"_acf_changed":false,"inline_featured_image":false},"product_brand":[],"product_cat":[237],"product_tag":[],"class_list":{"0":"post-2746","1":"product","2":"type-product","3":"status-publish","4":"has-post-thumbnail","6":"product_cat-qua-tang-tet-2026","8":"first","9":"outofstock","10":"taxable","11":"shipping-taxable","12":"purchasable","13":"product-type-simple"},"acf":[],"_links":{"self":[{"href":"https:\/\/theann.com.vn\/vi\/wp-json\/wp\/v2\/product\/2746","targetHints":{"allow":["GET"]}}],"collection":[{"href":"https:\/\/theann.com.vn\/vi\/wp-json\/wp\/v2\/product"}],"about":[{"href":"https:\/\/theann.com.vn\/vi\/wp-json\/wp\/v2\/types\/product"}],"replies":[{"embeddable":true,"href":"https:\/\/theann.com.vn\/vi\/wp-json\/wp\/v2\/comments?post=2746"}],"wp:featuredmedia":[{"embeddable":true,"href":"https:\/\/theann.com.vn\/vi\/wp-json\/wp\/v2\/media\/2747"}],"wp:attachment":[{"href":"https:\/\/theann.com.vn\/vi\/wp-json\/wp\/v2\/media?parent=2746"}],"wp:term":[{"taxonomy":"product_brand","embeddable":true,"href":"https:\/\/theann.com.vn\/vi\/wp-json\/wp\/v2\/product_brand?post=2746"},{"taxonomy":"product_cat","embeddable":true,"href":"https:\/\/theann.com.vn\/vi\/wp-json\/wp\/v2\/product_cat?post=2746"},{"taxonomy":"product_tag","embeddable":true,"href":"https:\/\/theann.com.vn\/vi\/wp-json\/wp\/v2\/product_tag?post=2746"}],"curies":[{"name":"wp","href":"https:\/\/api.w.org\/{rel}","templated":true}]}}