{"id":2753,"date":"2025-12-30T07:18:35","date_gmt":"2025-12-30T07:18:35","guid":{"rendered":"https:\/\/theann.com.vn\/?post_type=product&#038;p=2753"},"modified":"2026-01-30T15:09:19","modified_gmt":"2026-01-30T15:09:19","slug":"van-an","status":"publish","type":"product","link":"https:\/\/theann.com.vn\/vi\/product\/van-an\/","title":{"rendered":"V\u1ea0N AN"},"content":{"rendered":"<p>1\/ B\u00e1nh H\u1ea1nh Nh\u00e2n Ng\u00f3i (200gr)<br \/>\n2\/ B\u00e1nh Quy S\u00f4 C\u00f4 La H\u1ea1t Macca (250gr)<br \/>\n3\/ Tr\u00e0 Hoa C\u00fac \u0110\u01b0\u1eddng Ph\u00e8n (10 vi\u00ean)<br \/>\n4\/ M\u1ee9t Qu\u1ea5t H\u1ed3ng B\u00ec (150gr)<br \/>\n5\/ H\u1ea1t H\u1ea1nh Nh\u00e2n (150gr)<br \/>\n6\/ V\u1ecf B\u01b0\u1edfi S\u1ea5y D\u1ebbo (100gr)<br \/>\n7\/ B\u1ed9 H\u0169 M\u1ee9t Thi\u1ebfc cao c\u1ea5p<br \/>\n8\/ T\u00fai Da (D30xR26xC14cm)<br \/>\n9\/ T\u00fai V\u1ea3i<\/p>\n","protected":false},"excerpt":{"rendered":"<p>1\/ B\u00e1nh H\u1ea1nh Nh\u00e2n Ng\u00f3i (200gr)<br \/>\n2\/ B\u00e1nh Quy S\u00f4 C\u00f4 La H\u1ea1t Macca (250gr)<br \/>\n3\/ Tr\u00e0 Hoa C\u00fac \u0110\u01b0\u1eddng Ph\u00e8n (10 vi\u00ean)<br \/>\n4\/ M\u1ee9t Qu\u1ea5t H\u1ed3ng B\u00ec (150gr)<br \/>\n5\/ H\u1ea1t H\u1ea1nh Nh\u00e2n (150gr)<br \/>\n6\/ V\u1ecf B\u01b0\u1edfi S\u1ea5y D\u1ebbo (100gr)<br \/>\n7\/ B\u1ed9 H\u0169 M\u1ee9t Thi\u1ebfc cao c\u1ea5p<br \/>\n8\/ T\u00fai Da (D30xR26xC14cm)<br \/>\n9\/ T\u00fai V\u1ea3i<\/p>\n","protected":false},"featured_media":2754,"comment_status":"open","ping_status":"closed","template":"","meta":{"_acf_changed":false,"inline_featured_image":false},"product_brand":[],"product_cat":[237],"product_tag":[],"class_list":{"0":"post-2753","1":"product","2":"type-product","3":"status-publish","4":"has-post-thumbnail","6":"product_cat-qua-tang-tet-2026","8":"first","9":"outofstock","10":"taxable","11":"shipping-taxable","12":"purchasable","13":"product-type-simple"},"acf":[],"_links":{"self":[{"href":"https:\/\/theann.com.vn\/vi\/wp-json\/wp\/v2\/product\/2753","targetHints":{"allow":["GET"]}}],"collection":[{"href":"https:\/\/theann.com.vn\/vi\/wp-json\/wp\/v2\/product"}],"about":[{"href":"https:\/\/theann.com.vn\/vi\/wp-json\/wp\/v2\/types\/product"}],"replies":[{"embeddable":true,"href":"https:\/\/theann.com.vn\/vi\/wp-json\/wp\/v2\/comments?post=2753"}],"wp:featuredmedia":[{"embeddable":true,"href":"https:\/\/theann.com.vn\/vi\/wp-json\/wp\/v2\/media\/2754"}],"wp:attachment":[{"href":"https:\/\/theann.com.vn\/vi\/wp-json\/wp\/v2\/media?parent=2753"}],"wp:term":[{"taxonomy":"product_brand","embeddable":true,"href":"https:\/\/theann.com.vn\/vi\/wp-json\/wp\/v2\/product_brand?post=2753"},{"taxonomy":"product_cat","embeddable":true,"href":"https:\/\/theann.com.vn\/vi\/wp-json\/wp\/v2\/product_cat?post=2753"},{"taxonomy":"product_tag","embeddable":true,"href":"https:\/\/theann.com.vn\/vi\/wp-json\/wp\/v2\/product_tag?post=2753"}],"curies":[{"name":"wp","href":"https:\/\/api.w.org\/{rel}","templated":true}]}}