{"id":2764,"date":"2025-12-30T07:25:43","date_gmt":"2025-12-30T07:25:43","guid":{"rendered":"https:\/\/theann.com.vn\/?post_type=product&#038;p=2764"},"modified":"2026-01-01T09:18:07","modified_gmt":"2026-01-01T09:18:07","slug":"hoa-mien","status":"publish","type":"product","link":"https:\/\/theann.com.vn\/vi\/product\/hoa-mien\/","title":{"rendered":"H\u1eccA MI\u00caN"},"content":{"rendered":"<p>1\/ B\u00e1nh H\u1ea1nh Nh\u00e2n (300gr)<br \/>\n2\/ B\u00e1nh \u1ed0ng \u0110i\u1ebfu (200gr)<br \/>\n3\/ Tr\u00e0 M\u00e3ng C\u1ea7u Xi\u00eam (300gr)<br \/>\n4\/ H\u1ea1t \u0110i\u1ec1u (500gr)<br \/>\n5\/ \u00d4 Mai M\u01a1 G\u1eebng (600gr)<br \/>\n6\/ V\u1ecf B\u01b0\u1edfi S\u1ea5y D\u1ebbo (200gr)<br \/>\n7\/ H\u1ea1t D\u1ebb C\u01b0\u1eddi (400gr)<br \/>\n8\/ Nho Kh\u00f4 (400gr)<br \/>\n9\/ R\u01b0\u1ee3u Nh\u1eadt B\u1ea3n V\u1ea3y V\u00e0ng (1 chai)<br \/>\n10\/ B\u1ed9 L\u00ec X\u00ec v\u00e0 Thi\u1ec7p<br \/>\n11\/ T\u00fai V\u1ea3i<br \/>\n12\/ H\u1ed9p G\u1ed7 (D20xR32xC48cm)<\/p>\n","protected":false},"excerpt":{"rendered":"<p>1\/ B\u00e1nh H\u1ea1nh Nh\u00e2n (300gr)<br \/>\n2\/ B\u00e1nh \u1ed0ng \u0110i\u1ebfu (200gr)<br \/>\n3\/ Tr\u00e0 M\u00e3ng C\u1ea7u Xi\u00eam (300gr)<br \/>\n4\/ H\u1ea1t \u0110i\u1ec1u (500gr)<br \/>\n5\/ \u00d4 Mai M\u01a1 G\u1eebng (600gr)<br \/>\n6\/ V\u1ecf B\u01b0\u1edfi S\u1ea5y D\u1ebbo (200gr)<br \/>\n7\/ H\u1ea1t D\u1ebb C\u01b0\u1eddi (400gr)<br \/>\n8\/ Nho Kh\u00f4 (400gr)<br \/>\n9\/ R\u01b0\u1ee3u Nh\u1eadt B\u1ea3n V\u1ea3y V\u00e0ng (1 chai)<br \/>\n10\/ B\u1ed9 L\u00ec X\u00ec v\u00e0 Thi\u1ec7p<br \/>\n11\/ T\u00fai V\u1ea3i<br \/>\n12\/ H\u1ed9p G\u1ed7 (D20xR32xC48cm)<\/p>\n","protected":false},"featured_media":2765,"comment_status":"open","ping_status":"closed","template":"","meta":{"_acf_changed":false,"inline_featured_image":false},"product_brand":[],"product_cat":[237],"product_tag":[],"class_list":{"0":"post-2764","1":"product","2":"type-product","3":"status-publish","4":"has-post-thumbnail","6":"product_cat-qua-tang-tet-2026","8":"first","9":"instock","10":"taxable","11":"shipping-taxable","12":"purchasable","13":"product-type-variable","14":"has-default-attributes"},"acf":[],"_links":{"self":[{"href":"https:\/\/theann.com.vn\/vi\/wp-json\/wp\/v2\/product\/2764","targetHints":{"allow":["GET"]}}],"collection":[{"href":"https:\/\/theann.com.vn\/vi\/wp-json\/wp\/v2\/product"}],"about":[{"href":"https:\/\/theann.com.vn\/vi\/wp-json\/wp\/v2\/types\/product"}],"replies":[{"embeddable":true,"href":"https:\/\/theann.com.vn\/vi\/wp-json\/wp\/v2\/comments?post=2764"}],"wp:featuredmedia":[{"embeddable":true,"href":"https:\/\/theann.com.vn\/vi\/wp-json\/wp\/v2\/media\/2765"}],"wp:attachment":[{"href":"https:\/\/theann.com.vn\/vi\/wp-json\/wp\/v2\/media?parent=2764"}],"wp:term":[{"taxonomy":"product_brand","embeddable":true,"href":"https:\/\/theann.com.vn\/vi\/wp-json\/wp\/v2\/product_brand?post=2764"},{"taxonomy":"product_cat","embeddable":true,"href":"https:\/\/theann.com.vn\/vi\/wp-json\/wp\/v2\/product_cat?post=2764"},{"taxonomy":"product_tag","embeddable":true,"href":"https:\/\/theann.com.vn\/vi\/wp-json\/wp\/v2\/product_tag?post=2764"}],"curies":[{"name":"wp","href":"https:\/\/api.w.org\/{rel}","templated":true}]}}